{"id":269,"date":"2026-03-28T18:40:22","date_gmt":"2026-03-28T17:40:22","guid":{"rendered":"https:\/\/snfolc76.fr\/?page_id=269"},"modified":"2026-03-28T18:40:23","modified_gmt":"2026-03-28T17:40:23","slug":"mentions-legales","status":"publish","type":"page","link":"https:\/\/snfolc76.fr\/?page_id=269","title":{"rendered":"Mentions L\u00e9gales"},"content":{"rendered":"\n<p><strong>\u00c9diteur<\/strong><\/p>\n\n\n\n<p>Le site SNFOLC76 est \u00e9dit\u00e9 par le SNFOLC76 et publi\u00e9 sous la direction de Yves Dosdat, secr\u00e9taire d\u00e9partemental du SNFOLC76.<br>L\u2019ensemble du site SNFOLC76, pages et contenus, est la propri\u00e9t\u00e9 du SNFOLC76.<\/p>\n\n\n\n<p>Pour plus d\u2019informations, <a href=\"mailto:sn-fo-lc.rouen@wanadoo.fr\">contactez-nous<\/a>.<\/p>\n\n\n\n<p><strong>SNFOLC76<\/strong><br>Site officiel du Syndicat National Force Ouvri\u00e8re Lyc\u00e9es et Coll\u00e8ges de Seine Maritime<br>Secr\u00e9taire d\u00e9partemental : Yves Dosdat<br>Si\u00e8ge\u00a0: 22 rue de l&rsquo;Enseigne Renaud 76 000 ROUEN<br>T\u00e9l\u00e9phone : 02 35 89 47 32<br>Mail : sn-fo-lc.rouen@wanadoo.fr<\/p>\n\n\n\n<p><strong>H\u00e9bergement<\/strong><\/p>\n\n\n\n<p>Le site SNFOLC76 est h\u00e9berg\u00e9 par OVH&nbsp;:<br>SIRET&nbsp;: 42476141900045<br>Adresse&nbsp;: OVH, 2 RUE KELLERMANN 59100 ROUBAIX<br>T\u00e9l\u00e9phone&nbsp;: 09 72 10 10 07<\/p>\n\n\n\n<p>Le SNFOLC76 d\u00e9cline toute responsabilit\u00e9 quant aux \u00e9ventuelles interruptions du site SNFOLC76 et de ses services.<\/p>\n\n\n\n<p><strong>Fonctionnement du&nbsp;site<\/strong><\/p>\n\n\n\n<p>Les pages et le contenu de ce site sont g\u00e9n\u00e9r\u00e9s par le logiciel libre WordPress, distribu\u00e9 sous licence GNU \/ GPL (Licence Publique G\u00e9n\u00e9rale). Pour plus d\u2019informations, reportez-vous au site&nbsp;: <a href=\"https:\/\/fr.wordpress.org\/\">https:\/\/fr.wordpress.org\/<\/a><\/p>\n\n\n\n<p><strong>Contenus et droits de reproduction<\/strong><\/p>\n\n\n\n<p>En application des articles L. 111\u20131 et L. 123\u20131 du Code de la Propri\u00e9t\u00e9 Intellectuelle, l\u2019ensemble des contenus de ce site (textes, images, vid\u00e9os et tout m\u00e9dia en g\u00e9n\u00e9ral), sauf mention contraire explicite, est prot\u00e9g\u00e9 par le droit d\u2019auteur. La reproduction, m\u00eame partielle, des contenus des pages de ce site sans accord pr\u00e9alable du SNFOLC76 est strictement interdite.<\/p>\n\n\n\n<p>La reproduction, m\u00eame partielle, des contenus des pages de ce site sans accord pr\u00e9alable est strictement interdite (les courtes citations sont autoris\u00e9es par le droit fran\u00e7ais pour commentaires et critiques, tant que ceux-ci y&nbsp;sont strictement concomitants et que sont pr\u00e9cis\u00e9s l\u2019auteur original et le lien Internet vers la page source).<\/p>\n\n\n\n<p>\u00a9 Copyright 2025-2026 SNFOLC76 | Tous droits r\u00e9serv\u00e9s.<\/p>\n","protected":false},"excerpt":{"rendered":"<p>\u00c9diteur Le site SNFOLC76 est \u00e9dit\u00e9 par le SNFOLC76 et publi\u00e9 sous la direction de Yves Dosdat, secr\u00e9taire d\u00e9partemental du [&hellip;]<\/p>\n","protected":false},"author":1,"featured_media":0,"parent":0,"menu_order":0,"comment_status":"closed","ping_status":"closed","template":"","meta":{"site-sidebar-layout":"default","site-content-layout":"","ast-site-content-layout":"default","site-content-style":"default","site-sidebar-style":"default","ast-global-header-display":"","ast-banner-title-visibility":"","ast-main-header-display":"","ast-hfb-above-header-display":"","ast-hfb-below-header-display":"","ast-hfb-mobile-header-display":"","site-post-title":"","ast-breadcrumbs-content":"","ast-featured-img":"","footer-sml-layout":"","theme-transparent-header-meta":"","adv-header-id-meta":"","stick-header-meta":"","header-above-stick-meta":"","header-main-stick-meta":"","header-below-stick-meta":"","astra-migrate-meta-layouts":"default","ast-page-background-enabled":"default","ast-page-background-meta":{"desktop":{"background-color":"var(--ast-global-color-4)","background-image":"","background-repeat":"repeat","background-position":"center center","background-size":"auto","background-attachment":"scroll","background-type":"","background-media":"","overlay-type":"","overlay-color":"","overlay-opacity":"","overlay-gradient":""},"tablet":{"background-color":"","background-image":"","background-repeat":"repeat","background-position":"center center","background-size":"auto","background-attachment":"scroll","background-type":"","background-media":"","overlay-type":"","overlay-color":"","overlay-opacity":"","overlay-gradient":""},"mobile":{"background-color":"","background-image":"","background-repeat":"repeat","background-position":"center center","background-size":"auto","background-attachment":"scroll","background-type":"","background-media":"","overlay-type":"","overlay-color":"","overlay-opacity":"","overlay-gradient":""}},"ast-content-background-meta":{"desktop":{"background-color":"var(--ast-global-color-5)","background-image":"","background-repeat":"repeat","background-position":"center center","background-size":"auto","background-attachment":"scroll","background-type":"","background-media":"","overlay-type":"","overlay-color":"","overlay-opacity":"","overlay-gradient":""},"tablet":{"background-color":"var(--ast-global-color-5)","background-image":"","background-repeat":"repeat","background-position":"center center","background-size":"auto","background-attachment":"scroll","background-type":"","background-media":"","overlay-type":"","overlay-color":"","overlay-opacity":"","overlay-gradient":""},"mobile":{"background-color":"var(--ast-global-color-5)","background-image":"","background-repeat":"repeat","background-position":"center center","background-size":"auto","background-attachment":"scroll","background-type":"","background-media":"","overlay-type":"","overlay-color":"","overlay-opacity":"","overlay-gradient":""}},"footnotes":""},"class_list":["post-269","page","type-page","status-publish","hentry"],"yoast_head":"<!-- This site is optimized with the Yoast SEO plugin v26.8 - https:\/\/yoast.com\/product\/yoast-seo-wordpress\/ -->\n<title>Mentions L\u00e9gales<\/title>\n<meta name=\"description\" content=\"\u00c9diteur Le site SNFOLC76 est \u00e9dit\u00e9 par le SNFOLC76 et publi\u00e9 sous la direction de Yves Dosdat, secr\u00e9taire d\u00e9partemental du SNFOLC76.L\u2019ensemble du site\" \/>\n<meta name=\"robots\" content=\"index, follow, max-snippet:-1, max-image-preview:large, max-video-preview:-1\" \/>\n<link rel=\"canonical\" href=\"https:\/\/snfolc76.fr\/?page_id=269\" \/>\n<meta property=\"og:locale\" content=\"fr_FR\" \/>\n<meta property=\"og:type\" content=\"article\" \/>\n<meta property=\"og:title\" content=\"Mentions L\u00e9gales\" \/>\n<meta property=\"og:description\" content=\"\u00c9diteur Le site SNFOLC76 est \u00e9dit\u00e9 par le SNFOLC76 et publi\u00e9 sous la direction de Yves Dosdat, secr\u00e9taire d\u00e9partemental du SNFOLC76.L\u2019ensemble du site\" \/>\n<meta property=\"og:url\" content=\"https:\/\/snfolc76.fr\/?page_id=269\" \/>\n<meta property=\"article:publisher\" content=\"https:\/\/www.facebook.com\/snfolcsnetaafo.rouen\" \/>\n<meta property=\"article:modified_time\" content=\"2026-03-28T17:40:23+00:00\" \/>\n<meta name=\"twitter:card\" content=\"summary_large_image\" \/>\n<meta name=\"twitter:label1\" content=\"Dur\u00e9e de lecture estim\u00e9e\" \/>\n\t<meta name=\"twitter:data1\" content=\"2 minutes\" \/>\n<script type=\"application\/ld+json\" class=\"yoast-schema-graph\">{\"@context\":\"https:\/\/schema.org\",\"@graph\":[{\"@type\":\"WebPage\",\"@id\":\"https:\/\/snfolc76.fr\/?page_id=269\",\"url\":\"https:\/\/snfolc76.fr\/?page_id=269\",\"name\":\"Mentions L\u00e9gales\",\"isPartOf\":{\"@id\":\"https:\/\/snfolc76.fr\/#website\"},\"datePublished\":\"2026-03-28T17:40:22+00:00\",\"dateModified\":\"2026-03-28T17:40:23+00:00\",\"description\":\"\u00c9diteur Le site SNFOLC76 est \u00e9dit\u00e9 par le SNFOLC76 et publi\u00e9 sous la direction de Yves Dosdat, secr\u00e9taire d\u00e9partemental du SNFOLC76.L\u2019ensemble du site\",\"breadcrumb\":{\"@id\":\"https:\/\/snfolc76.fr\/?page_id=269#breadcrumb\"},\"inLanguage\":\"fr-FR\",\"potentialAction\":[{\"@type\":\"ReadAction\",\"target\":[\"https:\/\/snfolc76.fr\/?page_id=269\"]}]},{\"@type\":\"BreadcrumbList\",\"@id\":\"https:\/\/snfolc76.fr\/?page_id=269#breadcrumb\",\"itemListElement\":[{\"@type\":\"ListItem\",\"position\":1,\"name\":\"Accueil\",\"item\":\"https:\/\/snfolc76.fr\/\"},{\"@type\":\"ListItem\",\"position\":2,\"name\":\"Mentions L\u00e9gales\"}]},{\"@type\":\"WebSite\",\"@id\":\"https:\/\/snfolc76.fr\/#website\",\"url\":\"https:\/\/snfolc76.fr\/\",\"name\":\"snfolc76.fr\",\"description\":\"snfolc76\",\"publisher\":{\"@id\":\"https:\/\/snfolc76.fr\/#organization\"},\"potentialAction\":[{\"@type\":\"SearchAction\",\"target\":{\"@type\":\"EntryPoint\",\"urlTemplate\":\"https:\/\/snfolc76.fr\/?s={search_term_string}\"},\"query-input\":{\"@type\":\"PropertyValueSpecification\",\"valueRequired\":true,\"valueName\":\"search_term_string\"}}],\"inLanguage\":\"fr-FR\"},{\"@type\":\"Organization\",\"@id\":\"https:\/\/snfolc76.fr\/#organization\",\"name\":\"syndicat national lyc\u00e9es coll\u00e8ge de seine maritime\",\"url\":\"https:\/\/snfolc76.fr\/\",\"logo\":{\"@type\":\"ImageObject\",\"inLanguage\":\"fr-FR\",\"@id\":\"https:\/\/snfolc76.fr\/#\/schema\/logo\/image\/\",\"url\":\"https:\/\/snfolc76.fr\/wp-content\/uploads\/2024\/11\/cropped-logo.png\",\"contentUrl\":\"https:\/\/snfolc76.fr\/wp-content\/uploads\/2024\/11\/cropped-logo.png\",\"width\":365,\"height\":55,\"caption\":\"syndicat national lyc\u00e9es coll\u00e8ge de seine maritime\"},\"image\":{\"@id\":\"https:\/\/snfolc76.fr\/#\/schema\/logo\/image\/\"},\"sameAs\":[\"https:\/\/www.facebook.com\/snfolcsnetaafo.rouen\"]}]}<\/script>\n<!-- \/ Yoast SEO plugin. -->","yoast_head_json":{"title":"Mentions L\u00e9gales","description":"\u00c9diteur Le site SNFOLC76 est \u00e9dit\u00e9 par le SNFOLC76 et publi\u00e9 sous la direction de Yves Dosdat, secr\u00e9taire d\u00e9partemental du SNFOLC76.L\u2019ensemble du site","robots":{"index":"index","follow":"follow","max-snippet":"max-snippet:-1","max-image-preview":"max-image-preview:large","max-video-preview":"max-video-preview:-1"},"canonical":"https:\/\/snfolc76.fr\/?page_id=269","og_locale":"fr_FR","og_type":"article","og_title":"Mentions L\u00e9gales","og_description":"\u00c9diteur Le site SNFOLC76 est \u00e9dit\u00e9 par le SNFOLC76 et publi\u00e9 sous la direction de Yves Dosdat, secr\u00e9taire d\u00e9partemental du SNFOLC76.L\u2019ensemble du site","og_url":"https:\/\/snfolc76.fr\/?page_id=269","article_publisher":"https:\/\/www.facebook.com\/snfolcsnetaafo.rouen","article_modified_time":"2026-03-28T17:40:23+00:00","twitter_card":"summary_large_image","twitter_misc":{"Dur\u00e9e de lecture estim\u00e9e":"2 minutes"},"schema":{"@context":"https:\/\/schema.org","@graph":[{"@type":"WebPage","@id":"https:\/\/snfolc76.fr\/?page_id=269","url":"https:\/\/snfolc76.fr\/?page_id=269","name":"Mentions L\u00e9gales","isPartOf":{"@id":"https:\/\/snfolc76.fr\/#website"},"datePublished":"2026-03-28T17:40:22+00:00","dateModified":"2026-03-28T17:40:23+00:00","description":"\u00c9diteur Le site SNFOLC76 est \u00e9dit\u00e9 par le SNFOLC76 et publi\u00e9 sous la direction de Yves Dosdat, secr\u00e9taire d\u00e9partemental du SNFOLC76.L\u2019ensemble du site","breadcrumb":{"@id":"https:\/\/snfolc76.fr\/?page_id=269#breadcrumb"},"inLanguage":"fr-FR","potentialAction":[{"@type":"ReadAction","target":["https:\/\/snfolc76.fr\/?page_id=269"]}]},{"@type":"BreadcrumbList","@id":"https:\/\/snfolc76.fr\/?page_id=269#breadcrumb","itemListElement":[{"@type":"ListItem","position":1,"name":"Accueil","item":"https:\/\/snfolc76.fr\/"},{"@type":"ListItem","position":2,"name":"Mentions L\u00e9gales"}]},{"@type":"WebSite","@id":"https:\/\/snfolc76.fr\/#website","url":"https:\/\/snfolc76.fr\/","name":"snfolc76.fr","description":"snfolc76","publisher":{"@id":"https:\/\/snfolc76.fr\/#organization"},"potentialAction":[{"@type":"SearchAction","target":{"@type":"EntryPoint","urlTemplate":"https:\/\/snfolc76.fr\/?s={search_term_string}"},"query-input":{"@type":"PropertyValueSpecification","valueRequired":true,"valueName":"search_term_string"}}],"inLanguage":"fr-FR"},{"@type":"Organization","@id":"https:\/\/snfolc76.fr\/#organization","name":"syndicat national lyc\u00e9es coll\u00e8ge de seine maritime","url":"https:\/\/snfolc76.fr\/","logo":{"@type":"ImageObject","inLanguage":"fr-FR","@id":"https:\/\/snfolc76.fr\/#\/schema\/logo\/image\/","url":"https:\/\/snfolc76.fr\/wp-content\/uploads\/2024\/11\/cropped-logo.png","contentUrl":"https:\/\/snfolc76.fr\/wp-content\/uploads\/2024\/11\/cropped-logo.png","width":365,"height":55,"caption":"syndicat national lyc\u00e9es coll\u00e8ge de seine maritime"},"image":{"@id":"https:\/\/snfolc76.fr\/#\/schema\/logo\/image\/"},"sameAs":["https:\/\/www.facebook.com\/snfolcsnetaafo.rouen"]}]}},"_links":{"self":[{"href":"https:\/\/snfolc76.fr\/index.php?rest_route=\/wp\/v2\/pages\/269","targetHints":{"allow":["GET"]}}],"collection":[{"href":"https:\/\/snfolc76.fr\/index.php?rest_route=\/wp\/v2\/pages"}],"about":[{"href":"https:\/\/snfolc76.fr\/index.php?rest_route=\/wp\/v2\/types\/page"}],"author":[{"embeddable":true,"href":"https:\/\/snfolc76.fr\/index.php?rest_route=\/wp\/v2\/users\/1"}],"replies":[{"embeddable":true,"href":"https:\/\/snfolc76.fr\/index.php?rest_route=%2Fwp%2Fv2%2Fcomments&post=269"}],"version-history":[{"count":1,"href":"https:\/\/snfolc76.fr\/index.php?rest_route=\/wp\/v2\/pages\/269\/revisions"}],"predecessor-version":[{"id":270,"href":"https:\/\/snfolc76.fr\/index.php?rest_route=\/wp\/v2\/pages\/269\/revisions\/270"}],"wp:attachment":[{"href":"https:\/\/snfolc76.fr\/index.php?rest_route=%2Fwp%2Fv2%2Fmedia&parent=269"}],"curies":[{"name":"wp","href":"https:\/\/api.w.org\/{rel}","templated":true}]}}