{"id":121,"date":"2024-11-11T13:45:02","date_gmt":"2024-11-11T12:45:02","guid":{"rendered":"http:\/\/localhost\/wordpress\/?page_id=121"},"modified":"2024-11-23T15:37:32","modified_gmt":"2024-11-23T14:37:32","slug":"site-fnec-fp-fo","status":"publish","type":"page","link":"https:\/\/snfolc76.fr\/?page_id=121","title":{"rendered":"Sites Nationaux"},"content":{"rendered":"\n<h2 class=\"wp-block-heading\">Site National du SNFOLC<\/h2>\n\n\n\n<p>Retrouvez l&rsquo;actualit\u00e9 nationale du SNFOLC : <a href=\"https:\/\/www.fo-snfolc.fr\/\">https:\/\/www.fo-snfolc.fr\/<\/a><\/p>\n\n\n\n<h2 class=\"wp-block-heading\">Site National FNEC-FP-FO<\/h2>\n\n\n\n<p id=\"block-a2a3b3a5-ffce-4a86-a7f6-2da75f670451\">Retrouvez l&rsquo;actualit\u00e9 nationale de la FNEC-FP-FO (F\u00e9d\u00e9ration Nationale de l\u2019Enseignement de la Culture et de la Formation Professionnelle Force Ouvri\u00e8re) :<br><a href=\"https:\/\/www.fo-fnecfp.fr\/\">https:\/\/www.fo-fnecfp.fr\/<\/a><\/p>\n\n\n\n<h2 class=\"wp-block-heading\">Site de la Conf\u00e9d\u00e9ration G\u00e9n\u00e9rale du Travail Force Ouvri\u00e8re<\/h2>\n\n\n\n<p>Retrouvez l&rsquo;actualit\u00e9 nationale de la Conf\u00e9d\u00e9ration G\u00e9n\u00e9rale du Travail Force Ouvri\u00e8re : <a href=\"https:\/\/www.force-ouvriere.fr\/\">https:\/\/www.force-ouvriere.fr\/<\/a><\/p>\n\n\n\n<p><\/p>\n","protected":false},"excerpt":{"rendered":"<p>Site National du SNFOLC Retrouvez l&rsquo;actualit\u00e9 nationale du SNFOLC : https:\/\/www.fo-snfolc.fr\/ Site National FNEC-FP-FO Retrouvez l&rsquo;actualit\u00e9 nationale de la FNEC-FP-FO [&hellip;]<\/p>\n","protected":false},"author":1,"featured_media":0,"parent":0,"menu_order":0,"comment_status":"closed","ping_status":"closed","template":"","meta":{"site-sidebar-layout":"default","site-content-layout":"","ast-site-content-layout":"","site-content-style":"default","site-sidebar-style":"default","ast-global-header-display":"","ast-banner-title-visibility":"","ast-main-header-display":"","ast-hfb-above-header-display":"","ast-hfb-below-header-display":"","ast-hfb-mobile-header-display":"","site-post-title":"disabled","ast-breadcrumbs-content":"","ast-featured-img":"","footer-sml-layout":"","theme-transparent-header-meta":"","adv-header-id-meta":"","stick-header-meta":"","header-above-stick-meta":"","header-main-stick-meta":"","header-below-stick-meta":"","astra-migrate-meta-layouts":"default","ast-page-background-enabled":"default","ast-page-background-meta":{"desktop":{"background-color":"var(--ast-global-color-4)","background-image":"","background-repeat":"repeat","background-position":"center center","background-size":"auto","background-attachment":"scroll","background-type":"","background-media":"","overlay-type":"","overlay-color":"","overlay-opacity":"","overlay-gradient":""},"tablet":{"background-color":"","background-image":"","background-repeat":"repeat","background-position":"center center","background-size":"auto","background-attachment":"scroll","background-type":"","background-media":"","overlay-type":"","overlay-color":"","overlay-opacity":"","overlay-gradient":""},"mobile":{"background-color":"","background-image":"","background-repeat":"repeat","background-position":"center center","background-size":"auto","background-attachment":"scroll","background-type":"","background-media":"","overlay-type":"","overlay-color":"","overlay-opacity":"","overlay-gradient":""}},"ast-content-background-meta":{"desktop":{"background-color":"var(--ast-global-color-5)","background-image":"","background-repeat":"repeat","background-position":"center center","background-size":"auto","background-attachment":"scroll","background-type":"","background-media":"","overlay-type":"","overlay-color":"","overlay-opacity":"","overlay-gradient":""},"tablet":{"background-color":"var(--ast-global-color-5)","background-image":"","background-repeat":"repeat","background-position":"center center","background-size":"auto","background-attachment":"scroll","background-type":"","background-media":"","overlay-type":"","overlay-color":"","overlay-opacity":"","overlay-gradient":""},"mobile":{"background-color":"var(--ast-global-color-5)","background-image":"","background-repeat":"repeat","background-position":"center center","background-size":"auto","background-attachment":"scroll","background-type":"","background-media":"","overlay-type":"","overlay-color":"","overlay-opacity":"","overlay-gradient":""}},"footnotes":""},"class_list":["post-121","page","type-page","status-publish","hentry"],"yoast_head":"<!-- This site is optimized with the Yoast SEO plugin v26.8 - https:\/\/yoast.com\/product\/yoast-seo-wordpress\/ -->\n<title>Sites Nationaux<\/title>\n<meta name=\"description\" content=\"Site National du SNFOLC Retrouvez l&#039;actualit\u00e9 nationale du SNFOLC : https:\/\/www.fo-snfolc.fr\/ Site National FNEC-FP-FO Retrouvez l&#039;actualit\u00e9 nationale de\" \/>\n<meta name=\"robots\" content=\"index, follow, max-snippet:-1, max-image-preview:large, max-video-preview:-1\" \/>\n<link rel=\"canonical\" href=\"https:\/\/snfolc76.fr\/?page_id=121\" \/>\n<meta property=\"og:locale\" content=\"fr_FR\" \/>\n<meta property=\"og:type\" content=\"article\" \/>\n<meta property=\"og:title\" content=\"Sites Nationaux\" \/>\n<meta property=\"og:description\" content=\"Site National du SNFOLC Retrouvez l&#039;actualit\u00e9 nationale du SNFOLC : https:\/\/www.fo-snfolc.fr\/ Site National FNEC-FP-FO Retrouvez l&#039;actualit\u00e9 nationale de\" \/>\n<meta property=\"og:url\" content=\"https:\/\/snfolc76.fr\/?page_id=121\" \/>\n<meta property=\"article:publisher\" content=\"https:\/\/www.facebook.com\/snfolcsnetaafo.rouen\" \/>\n<meta property=\"article:modified_time\" content=\"2024-11-23T14:37:32+00:00\" \/>\n<meta name=\"twitter:card\" content=\"summary_large_image\" \/>\n<script type=\"application\/ld+json\" class=\"yoast-schema-graph\">{\"@context\":\"https:\/\/schema.org\",\"@graph\":[{\"@type\":\"WebPage\",\"@id\":\"https:\/\/snfolc76.fr\/?page_id=121\",\"url\":\"https:\/\/snfolc76.fr\/?page_id=121\",\"name\":\"Sites Nationaux\",\"isPartOf\":{\"@id\":\"https:\/\/snfolc76.fr\/#website\"},\"datePublished\":\"2024-11-11T12:45:02+00:00\",\"dateModified\":\"2024-11-23T14:37:32+00:00\",\"description\":\"Site National du SNFOLC Retrouvez l'actualit\u00e9 nationale du SNFOLC : https:\/\/www.fo-snfolc.fr\/ Site National FNEC-FP-FO Retrouvez l'actualit\u00e9 nationale de\",\"breadcrumb\":{\"@id\":\"https:\/\/snfolc76.fr\/?page_id=121#breadcrumb\"},\"inLanguage\":\"fr-FR\",\"potentialAction\":[{\"@type\":\"ReadAction\",\"target\":[\"https:\/\/snfolc76.fr\/?page_id=121\"]}]},{\"@type\":\"BreadcrumbList\",\"@id\":\"https:\/\/snfolc76.fr\/?page_id=121#breadcrumb\",\"itemListElement\":[{\"@type\":\"ListItem\",\"position\":1,\"name\":\"Accueil\",\"item\":\"https:\/\/snfolc76.fr\/\"},{\"@type\":\"ListItem\",\"position\":2,\"name\":\"Sites Nationaux\"}]},{\"@type\":\"WebSite\",\"@id\":\"https:\/\/snfolc76.fr\/#website\",\"url\":\"https:\/\/snfolc76.fr\/\",\"name\":\"snfolc76.fr\",\"description\":\"snfolc76\",\"publisher\":{\"@id\":\"https:\/\/snfolc76.fr\/#organization\"},\"potentialAction\":[{\"@type\":\"SearchAction\",\"target\":{\"@type\":\"EntryPoint\",\"urlTemplate\":\"https:\/\/snfolc76.fr\/?s={search_term_string}\"},\"query-input\":{\"@type\":\"PropertyValueSpecification\",\"valueRequired\":true,\"valueName\":\"search_term_string\"}}],\"inLanguage\":\"fr-FR\"},{\"@type\":\"Organization\",\"@id\":\"https:\/\/snfolc76.fr\/#organization\",\"name\":\"syndicat national lyc\u00e9es coll\u00e8ge de seine maritime\",\"url\":\"https:\/\/snfolc76.fr\/\",\"logo\":{\"@type\":\"ImageObject\",\"inLanguage\":\"fr-FR\",\"@id\":\"https:\/\/snfolc76.fr\/#\/schema\/logo\/image\/\",\"url\":\"https:\/\/snfolc76.fr\/wp-content\/uploads\/2024\/11\/cropped-logo.png\",\"contentUrl\":\"https:\/\/snfolc76.fr\/wp-content\/uploads\/2024\/11\/cropped-logo.png\",\"width\":365,\"height\":55,\"caption\":\"syndicat national lyc\u00e9es coll\u00e8ge de seine maritime\"},\"image\":{\"@id\":\"https:\/\/snfolc76.fr\/#\/schema\/logo\/image\/\"},\"sameAs\":[\"https:\/\/www.facebook.com\/snfolcsnetaafo.rouen\"]}]}<\/script>\n<!-- \/ Yoast SEO plugin. -->","yoast_head_json":{"title":"Sites Nationaux","description":"Site National du SNFOLC Retrouvez l'actualit\u00e9 nationale du SNFOLC : https:\/\/www.fo-snfolc.fr\/ Site National FNEC-FP-FO Retrouvez l'actualit\u00e9 nationale de","robots":{"index":"index","follow":"follow","max-snippet":"max-snippet:-1","max-image-preview":"max-image-preview:large","max-video-preview":"max-video-preview:-1"},"canonical":"https:\/\/snfolc76.fr\/?page_id=121","og_locale":"fr_FR","og_type":"article","og_title":"Sites Nationaux","og_description":"Site National du SNFOLC Retrouvez l'actualit\u00e9 nationale du SNFOLC : https:\/\/www.fo-snfolc.fr\/ Site National FNEC-FP-FO Retrouvez l'actualit\u00e9 nationale de","og_url":"https:\/\/snfolc76.fr\/?page_id=121","article_publisher":"https:\/\/www.facebook.com\/snfolcsnetaafo.rouen","article_modified_time":"2024-11-23T14:37:32+00:00","twitter_card":"summary_large_image","schema":{"@context":"https:\/\/schema.org","@graph":[{"@type":"WebPage","@id":"https:\/\/snfolc76.fr\/?page_id=121","url":"https:\/\/snfolc76.fr\/?page_id=121","name":"Sites Nationaux","isPartOf":{"@id":"https:\/\/snfolc76.fr\/#website"},"datePublished":"2024-11-11T12:45:02+00:00","dateModified":"2024-11-23T14:37:32+00:00","description":"Site National du SNFOLC Retrouvez l'actualit\u00e9 nationale du SNFOLC : https:\/\/www.fo-snfolc.fr\/ Site National FNEC-FP-FO Retrouvez l'actualit\u00e9 nationale de","breadcrumb":{"@id":"https:\/\/snfolc76.fr\/?page_id=121#breadcrumb"},"inLanguage":"fr-FR","potentialAction":[{"@type":"ReadAction","target":["https:\/\/snfolc76.fr\/?page_id=121"]}]},{"@type":"BreadcrumbList","@id":"https:\/\/snfolc76.fr\/?page_id=121#breadcrumb","itemListElement":[{"@type":"ListItem","position":1,"name":"Accueil","item":"https:\/\/snfolc76.fr\/"},{"@type":"ListItem","position":2,"name":"Sites Nationaux"}]},{"@type":"WebSite","@id":"https:\/\/snfolc76.fr\/#website","url":"https:\/\/snfolc76.fr\/","name":"snfolc76.fr","description":"snfolc76","publisher":{"@id":"https:\/\/snfolc76.fr\/#organization"},"potentialAction":[{"@type":"SearchAction","target":{"@type":"EntryPoint","urlTemplate":"https:\/\/snfolc76.fr\/?s={search_term_string}"},"query-input":{"@type":"PropertyValueSpecification","valueRequired":true,"valueName":"search_term_string"}}],"inLanguage":"fr-FR"},{"@type":"Organization","@id":"https:\/\/snfolc76.fr\/#organization","name":"syndicat national lyc\u00e9es coll\u00e8ge de seine maritime","url":"https:\/\/snfolc76.fr\/","logo":{"@type":"ImageObject","inLanguage":"fr-FR","@id":"https:\/\/snfolc76.fr\/#\/schema\/logo\/image\/","url":"https:\/\/snfolc76.fr\/wp-content\/uploads\/2024\/11\/cropped-logo.png","contentUrl":"https:\/\/snfolc76.fr\/wp-content\/uploads\/2024\/11\/cropped-logo.png","width":365,"height":55,"caption":"syndicat national lyc\u00e9es coll\u00e8ge de seine maritime"},"image":{"@id":"https:\/\/snfolc76.fr\/#\/schema\/logo\/image\/"},"sameAs":["https:\/\/www.facebook.com\/snfolcsnetaafo.rouen"]}]}},"_links":{"self":[{"href":"https:\/\/snfolc76.fr\/index.php?rest_route=\/wp\/v2\/pages\/121","targetHints":{"allow":["GET"]}}],"collection":[{"href":"https:\/\/snfolc76.fr\/index.php?rest_route=\/wp\/v2\/pages"}],"about":[{"href":"https:\/\/snfolc76.fr\/index.php?rest_route=\/wp\/v2\/types\/page"}],"author":[{"embeddable":true,"href":"https:\/\/snfolc76.fr\/index.php?rest_route=\/wp\/v2\/users\/1"}],"replies":[{"embeddable":true,"href":"https:\/\/snfolc76.fr\/index.php?rest_route=%2Fwp%2Fv2%2Fcomments&post=121"}],"version-history":[{"count":6,"href":"https:\/\/snfolc76.fr\/index.php?rest_route=\/wp\/v2\/pages\/121\/revisions"}],"predecessor-version":[{"id":161,"href":"https:\/\/snfolc76.fr\/index.php?rest_route=\/wp\/v2\/pages\/121\/revisions\/161"}],"wp:attachment":[{"href":"https:\/\/snfolc76.fr\/index.php?rest_route=%2Fwp%2Fv2%2Fmedia&parent=121"}],"curies":[{"name":"wp","href":"https:\/\/api.w.org\/{rel}","templated":true}]}}